{"id":22970,"date":"2022-06-13T13:55:10","date_gmt":"2022-06-13T13:55:10","guid":{"rendered":"https:\/\/ewhs.el-gharabawy.com\/product\/ewarehousing-cap\/"},"modified":"2022-06-13T13:55:10","modified_gmt":"2022-06-13T13:55:10","slug":"pet-2","status":"publish","type":"product","link":"https:\/\/ewhs.el-gharabawy.com\/de\/product\/pet-2\/","title":{"rendered":"eWarehousing Cap"},"content":{"rendered":"","protected":false},"excerpt":{"rendered":"<p><span style=\"font-weight: 400;\">Diese coole Cap f\u00fcr Kinder ist ideal f\u00fcr die Sommermonate. Die Cap l\u00e4sst sich ganz einfach verstellen und hat einen stabilen Verschluss an der Vorderseite. So wird verhindert, dass die helle Sonne in die Augen strahlt. Bestellen Sie diese eWarehousing Cap noch heute!<\/span><\/p>\n<ul>\n<li>Kostenloser Versand, Lieferung innerhalb von maximal 1 Arbeitstag!<\/li>\n<li>Nicht zufrieden? Geld zur\u00fcck Garantie.<\/li>\n<li>Kostenlose Retoursendung!<\/li>\n<\/ul>\n","protected":false},"featured_media":22893,"template":"","meta":[],"product_cat":[88],"product_tag":[89],"_links":{"self":[{"href":"https:\/\/ewhs.el-gharabawy.com\/de\/wp-json\/wp\/v2\/product\/22970"}],"collection":[{"href":"https:\/\/ewhs.el-gharabawy.com\/de\/wp-json\/wp\/v2\/product"}],"about":[{"href":"https:\/\/ewhs.el-gharabawy.com\/de\/wp-json\/wp\/v2\/types\/product"}],"wp:featuredmedia":[{"embeddable":true,"href":"https:\/\/ewhs.el-gharabawy.com\/de\/wp-json\/wp\/v2\/media\/22893"}],"wp:attachment":[{"href":"https:\/\/ewhs.el-gharabawy.com\/de\/wp-json\/wp\/v2\/media?parent=22970"}],"wp:term":[{"taxonomy":"product_cat","embeddable":true,"href":"https:\/\/ewhs.el-gharabawy.com\/de\/wp-json\/wp\/v2\/product_cat?post=22970"},{"taxonomy":"product_tag","embeddable":true,"href":"https:\/\/ewhs.el-gharabawy.com\/de\/wp-json\/wp\/v2\/product_tag?post=22970"}],"curies":[{"name":"wp","href":"https:\/\/api.w.org\/{rel}","templated":true}]}}