{"id":22928,"date":"2022-04-19T12:37:50","date_gmt":"2022-04-19T12:37:50","guid":{"rendered":"https:\/\/ewhs.el-gharabawy.com\/hoe-werkt-het\/"},"modified":"2022-08-15T08:27:38","modified_gmt":"2022-08-15T08:27:38","slug":"wie-funktioniert-es","status":"publish","type":"page","link":"https:\/\/ewhs.el-gharabawy.com\/de\/wie-funktioniert-es\/","title":{"rendered":"Wie funktioniert es"},"content":{"rendered":"<p>[vc_row row_content_width=&#8221;grid&#8221; content_text_aligment=&#8221;left&#8221; css=&#8221;.vc_custom_1651148207826{padding-top: 50px !important;padding-bottom: 0px !important;}&#8221;][vc_column width=&#8221;1\/2&#8243;]<div class=\"qodef-elements-holder   qodef-one-column  qodef-responsive-mode-768 qodef-one-column-alignment-left\" ><div class=\"qodef-eh-item    \"  data-item-class=\"qodef-eh-custom-2870\" data-681-768=\"10px 10px 10px 10px\" data-680=\"10px 10px 10px 10px\">\n\t<div class=\"qodef-eh-item-inner\">\n\t\t<div class=\"qodef-eh-item-content qodef-eh-custom-2870\" style=\"padding: 50px 50px\">\n\t\t\t<div class=\"qodef-section-title-holder  qodef-st-standard qodef-st-title-left qodef-st-normal-space \" >\n\t<div class=\"qodef-st-inner\">\n\t\t            <div class=\"qodef-label\" >\n                <span class=\"qodef-label-line\" ><\/span>\n                <span class=\"qodef-label-text\" >EINF\u00dcHRUNG<\/span>\n            <\/div>\n        \t\t\t<h2 class=\"qodef-st-title\" >\n\t\t\t\tLernen Sie uns kennen\t\t\t<\/h2>\n\t\t                    <span class=\"qodef-st-background-text\" >\n                01            <\/span>\n        \t\t\t<\/div>\n<\/div>[vc_empty_space][vc_column_text]Zun\u00e4chst m\u00f6chten wir uns einen \u00dcberblick verschaffen, wo Sie mit Ihrem Webshop stehen. Deshalb bitten wir Sie in der Einf\u00fchrungsphase, alle Angaben zu Ihrer Situation zu machen. Haben Sie weitere Fragen zum Auslagern Ihres E-Fulfillments? Wenden Sie sich bitte an unser kaufm\u00e4nnisches Team unter <a href=\"tel:0186612267\">(0)18 &#8211; 66 12 267<\/a> oder unter <a href=\"mailto:offerte@ewarehousing.nl\">offerte@ewarehousing.nl<\/a>.[\/vc_column_text]\t\t<\/div>\n\t<\/div>\n<\/div><\/div>[\/vc_column][vc_column width=&#8221;1\/2&#8243;]<div class=\"qodef-elements-holder   qodef-one-column  qodef-responsive-mode-768 qodef-one-column-alignment-left\" ><div class=\"qodef-eh-item    \"  data-item-class=\"qodef-eh-custom-5072\" data-681-768=\"20px 10px 0px 10px\" data-680=\"20px 10px 0px 10px\">\n\t<div class=\"qodef-eh-item-inner\">\n\t\t<div class=\"qodef-eh-item-content qodef-eh-custom-5072\" style=\"padding: 50px 50px\">\n\t\t\t<div class=\"qodef-section-title-holder  qodef-st-standard qodef-st-title-left qodef-st-normal-space \" >\n\t<div class=\"qodef-st-inner\">\n\t\t            <div class=\"qodef-label\" >\n                <span class=\"qodef-label-line\" ><\/span>\n                <span class=\"qodef-label-text\" >MASSGESCHNEIDERTES ANGEBOT<\/span>\n            <\/div>\n        \t\t\t<h2 class=\"qodef-st-title\" >\n\t\t\t\tAuslagerung Ihrer Logistik\t\t\t<\/h2>\n\t\t                    <span class=\"qodef-st-background-text\" >\n                02            <\/span>\n        \t\t\t<\/div>\n<\/div>[vc_empty_space][vc_column_text]Nach Erhalt der Informationen werden wir uns so schnell wie m\u00f6glich mit Ihnen in Verbindung setzen, um einen Termin vor Ort oder ein Online-Gespr\u00e4ch zu vereinbaren. Gemeinsam werden wir Ihre Situation transparent darstellen und Ihnen ein ma\u00dfgeschneidertes Angebot unterbreiten.[\/vc_column_text]\t\t<\/div>\n\t<\/div>\n<\/div><\/div>[\/vc_column][\/vc_row][vc_row row_content_width=&#8221;grid&#8221; content_text_aligment=&#8221;left&#8221; css=&#8221;.vc_custom_1651148271218{padding-top: 32px !important;padding-bottom: 50px !important;}&#8221;][vc_column width=&#8221;1\/2&#8243;]<div class=\"qodef-elements-holder   qodef-one-column  qodef-responsive-mode-768 qodef-one-column-alignment-left\" ><div class=\"qodef-eh-item    \"  data-item-class=\"qodef-eh-custom-7083\" data-681-768=\"10px 10px 10px 10px\" data-680=\"10px 10px 10px 10px\">\n\t<div class=\"qodef-eh-item-inner\">\n\t\t<div class=\"qodef-eh-item-content qodef-eh-custom-7083\" style=\"padding: 50px 50px\">\n\t\t\t<div class=\"qodef-section-title-holder  qodef-st-standard qodef-st-title-left qodef-st-normal-space \" >\n\t<div class=\"qodef-st-inner\">\n\t\t            <div class=\"qodef-label\" >\n                <span class=\"qodef-label-line\" ><\/span>\n                <span class=\"qodef-label-text\" >VERKN\u00dcPFUNG<\/span>\n            <\/div>\n        \t\t\t<h2 class=\"qodef-st-title\" >\n\t\t\t\tWarehouse Management System\t\t\t<\/h2>\n\t\t                    <span class=\"qodef-st-background-text\" >\n                03            <\/span>\n        \t\t\t<\/div>\n<\/div>[vc_empty_space][vc_column_text]Im Rahmen einer Zusammenarbeit verkn\u00fcpfen wir Ihren Webshop mit unserem Warehouse Management System. Das bedeutet, dass von nun an alle logistischen Bewegungen immer transparent sein werden, auch f\u00fcr Sie. Unsere digitale Technologie erm\u00f6glicht es uns, schnell umzuschalten und pr\u00e4zise zu arbeiten, auch wenn sich das Produktsortiment oder die Absatzmengen \u00e4ndern. Das macht den Bestell-, Versand- und Retourenprozess effizienter und spart Ihnen letztendlich Geld.[\/vc_column_text]\t\t<\/div>\n\t<\/div>\n<\/div><\/div>[\/vc_column][vc_column width=&#8221;1\/2&#8243;]<div class=\"qodef-elements-holder   qodef-one-column  qodef-responsive-mode-768 qodef-one-column-alignment-left\" ><div class=\"qodef-eh-item    \"  data-item-class=\"qodef-eh-custom-9986\" data-681-768=\"20px 10px 10px 10px\" data-680=\"20px 10px 10px 10px\">\n\t<div class=\"qodef-eh-item-inner\">\n\t\t<div class=\"qodef-eh-item-content qodef-eh-custom-9986\" style=\"padding: 50px 50px\">\n\t\t\t<div class=\"qodef-section-title-holder  qodef-st-standard qodef-st-title-left qodef-st-normal-space \" >\n\t<div class=\"qodef-st-inner\">\n\t\t            <div class=\"qodef-label\" >\n                <span class=\"qodef-label-line\" ><\/span>\n                <span class=\"qodef-label-text\" >Start<\/span>\n            <\/div>\n        \t\t\t<h2 class=\"qodef-st-title\" >\n\t\t\t\tE-Fulfilment von A bis Z\t\t\t<\/h2>\n\t\t                    <span class=\"qodef-st-background-text\" >\n                04            <\/span>\n        \t\t\t<\/div>\n<\/div>[vc_empty_space][vc_column_text]Anschlie\u00dfend k\u00f6nnen Sie alle Ihre Waren an unser Lager schicken. Dies ist der Moment, in dem wir die eigentliche Logistik Ihres Webshops \u00fcbernehmen. So m\u00fcssen Sie sich nicht l\u00e4nger um den Versand oder die Retouren von Auftr\u00e4gen in Ihrem Webshop k\u00fcmmern.[\/vc_column_text]\t\t<\/div>\n\t<\/div>\n<\/div><\/div>[\/vc_column][\/vc_row][vc_row row_content_width=&#8221;grid&#8221; disable_background_image=&#8221;&#8221; simple_background_image=&#8221;21077&#8243; anchor=&#8221;angebot&#8221;][vc_column css=&#8221;.vc_custom_1651147977225{padding-right: 0px !important;padding-left: 0px !important;}&#8221;][vc_empty_space height=&#8221;135&#8243;]<div class=\"qodef-elements-holder   qodef-one-column  qodef-responsive-mode-768 \" ><div class=\"qodef-eh-item   qodef-horizontal-alignment-center \" style=\"background-color: #ffffff\" data-item-class=\"qodef-eh-custom-1016\" data-1025-1366=\"160px 170px 172px 170px\" data-769-1024=\"160px 50px 172px 50px\" data-681-768=\"20px 20px 10px 20px\" data-680=\"20px 20px 20px 20px\">\n\t<div class=\"qodef-eh-item-inner\">\n\t\t<div class=\"qodef-eh-item-content qodef-eh-custom-1016\" style=\"padding: 107px 253px 125px 253px\">\n\t\t\t<div class=\"qodef-section-title-holder  qodef-st-standard qodef-st-title-left qodef-st-normal-space \" style=\"text-align: center\">\n\t<div class=\"qodef-st-inner\">\n\t\t            <div class=\"qodef-label\" >\n                <span class=\"qodef-label-line\" ><\/span>\n                <span class=\"qodef-label-text\" >ANGEBOTSANFRAGE<\/span>\n            <\/div>\n        \t\t\t<h1 class=\"qodef-st-title\" style=\"margin-bottom: 26px\">\n\t\t\t\tWie k\u00f6nnen wir helfen?\t\t\t<\/h1>\n\t\t        \t\t\t<\/div>\n<\/div>[vc_column_text]Wir w\u00fcrden uns freuen, an Ihrem Ausschreibungsverfahren teilzunehmen, um ungenutzte M\u00f6glichkeiten f\u00fcr Sie zu identifizieren. Wir w\u00fcrden gerne alle relevanten Informationen und Zeitpl\u00e4ne erhalten. Bei Fragen oder Anmerkungen wenden Sie sich bitte direkt an unser kaufm\u00e4nnisches Team (Rizi, Timme und Xander) unter <a href=\"mailto:offerte@ewarehousing.nl\">offerte@ewarehousing.nl<\/a>.[\/vc_column_text][vc_empty_space height=&#8221;40&#8243;]\n<div class=\"wpcf7 no-js\" id=\"wpcf7-f22964-o1\" lang=\"de-DE\" dir=\"ltr\">\n<div class=\"screen-reader-response\"><p role=\"status\" aria-live=\"polite\" aria-atomic=\"true\"><\/p> <ul><\/ul><\/div>\n<form action=\"\/de\/wp-json\/wp\/v2\/pages\/22928#wpcf7-f22964-o1\" method=\"post\" class=\"wpcf7-form init\" aria-label=\"Kontaktformular\" novalidate=\"novalidate\" data-status=\"init\">\n<div style=\"display: none;\">\n<input type=\"hidden\" name=\"_wpcf7\" value=\"22964\" \/>\n<input type=\"hidden\" name=\"_wpcf7_version\" value=\"5.7.3\" \/>\n<input type=\"hidden\" name=\"_wpcf7_locale\" value=\"de_DE\" \/>\n<input type=\"hidden\" name=\"_wpcf7_unit_tag\" value=\"wpcf7-f22964-o1\" \/>\n<input type=\"hidden\" name=\"_wpcf7_container_post\" value=\"0\" \/>\n<input type=\"hidden\" name=\"_wpcf7_posted_data_hash\" value=\"\" \/>\n<\/div>\n<div class=\"qodef-grid-row qodef-grid-small-gutter\">\n\t<div class=\"qodef-grid-col-6\">\n\t\t<p><span class=\"wpcf7-form-control-wrap\" data-name=\"your-full-name\"><input size=\"40\" class=\"wpcf7-form-control wpcf7-text wpcf7-validates-as-required\" aria-required=\"true\" aria-invalid=\"false\" placeholder=\"Name\" value=\"\" type=\"text\" name=\"your-full-name\" \/><\/span>\n\t\t<\/p>\n\t<\/div>\n\t<div class=\"qodef-grid-col-6\">\n\t\t<p><span class=\"wpcf7-form-control-wrap\" data-name=\"your-company\"><input size=\"40\" class=\"wpcf7-form-control wpcf7-text wpcf7-validates-as-required\" aria-required=\"true\" aria-invalid=\"false\" placeholder=\"Unternehmen\" value=\"\" type=\"text\" name=\"your-company\" \/><\/span>\n\t\t<\/p>\n\t<\/div>\n<\/div>\n<div class=\"qodef-grid-row qodef-grid-small-gutter\">\n\t<div class=\"qodef-grid-col-6\">\n\t\t<p><span class=\"wpcf7-form-control-wrap\" data-name=\"your-email\"><input size=\"40\" class=\"wpcf7-form-control wpcf7-text wpcf7-validates-as-required\" aria-required=\"true\" aria-invalid=\"false\" placeholder=\"Email\" value=\"\" type=\"text\" name=\"your-email\" \/><\/span>\n\t\t<\/p>\n\t<\/div>\n\t<div class=\"qodef-grid-col-6\">\n\t\t<p><span class=\"wpcf7-form-control-wrap\" data-name=\"your-phonenumber\"><input size=\"40\" class=\"wpcf7-form-control wpcf7-text wpcf7-tel wpcf7-validates-as-required wpcf7-validates-as-tel\" aria-required=\"true\" aria-invalid=\"false\" placeholder=\"Telefon\" value=\"\" type=\"tel\" name=\"your-phonenumber\" \/><\/span>\n\t\t<\/p>\n\t<\/div>\n<\/div>\n<div class=\"qodef-grid-row qodef-grid-small-gutter\">\n\t<div class=\"qodef-grid-col-6\">\n\t\t<p><span class=\"wpcf7-form-control-wrap\" data-name=\"your-orders\"><input class=\"wpcf7-form-control wpcf7-number wpcf7-validates-as-required wpcf7-validates-as-number\" aria-required=\"true\" aria-invalid=\"false\" placeholder=\"Anzahl der Auftr\u00e4ge pro Monat\" value=\"\" type=\"number\" name=\"your-orders\" \/><\/span>\n\t\t<\/p>\n\t<\/div>\n\t<div class=\"qodef-grid-col-6\">\n\t\t<p><span class=\"wpcf7-form-control-wrap\" data-name=\"your-articlenumbers\"><input class=\"wpcf7-form-control wpcf7-number wpcf7-validates-as-required wpcf7-validates-as-number\" aria-required=\"true\" aria-invalid=\"false\" placeholder=\"Anzahl der Artikelcodes pro Monat\" value=\"\" type=\"number\" name=\"your-articlenumbers\" \/><\/span>\n\t\t<\/p>\n\t<\/div>\n<\/div>\n<div class=\"qodef-grid-row qodef-grid-small-gutter\">\n\t<div class=\"qodef-grid-col-6\">\n\t\t<p><span class=\"wpcf7-form-control-wrap\" data-name=\"your-voorraad\"><input class=\"wpcf7-form-control wpcf7-number wpcf7-validates-as-required wpcf7-validates-as-number\" aria-required=\"true\" aria-invalid=\"false\" placeholder=\"Anzahl der Positionen pro Artikelcode auf Lager\" value=\"\" type=\"number\" name=\"your-voorraad\" \/><\/span>\n\t\t<\/p>\n\t<\/div>\n\t<div class=\"qodef-grid-col-6\">\n\t\t<p><span class=\"wpcf7-form-control-wrap\" data-name=\"your-retouren\"><input class=\"wpcf7-form-control wpcf7-number wpcf7-validates-as-required wpcf7-validates-as-number\" aria-required=\"true\" aria-invalid=\"false\" placeholder=\"Anzahl der Retouren\" value=\"\" type=\"number\" name=\"your-retouren\" \/><\/span>\n\t\t<\/p>\n\t<\/div>\n<\/div>\n<div class=\"qodef-grid-row qodef-grid-small-gutter\">\n\t<div class=\"qodef-grid-col-12\">\n\t\t<p><span class=\"wpcf7-form-control-wrap\" data-name=\"your-method\"><input size=\"40\" class=\"wpcf7-form-control wpcf7-text wpcf7-validates-as-required\" aria-required=\"true\" aria-invalid=\"false\" placeholder=\"Die aktuelle Versandart (Post, Paket oder Mix)\" value=\"\" type=\"text\" name=\"your-method\" \/><\/span>\n\t\t<\/p>\n\t<\/div>\n<\/div>\n<div class=\"qodef-grid-row qodef-grid-small-gutter\">\n\t<div class=\"qodef-grid-col-12\">\n\t\t<p><span class=\"wpcf7-form-control-wrap\" data-name=\"your-landen\"><input size=\"40\" class=\"wpcf7-form-control wpcf7-text wpcf7-validates-as-required\" aria-required=\"true\" aria-invalid=\"false\" placeholder=\"Die wichtigsten Schwerpunktl\u00e4nder\" value=\"\" type=\"text\" name=\"your-landen\" \/><\/span>\n\t\t<\/p>\n\t<\/div>\n<\/div>\n<div class=\"qodef-grid-row\">\n\t<div class=\"qodef-grid-col-12\">\n\t\t<p><span class=\"wpcf7-form-control-wrap\" data-name=\"your-ambitie\"><textarea cols=\"40\" rows=\"10\" class=\"wpcf7-form-control wpcf7-textarea wpcf7-validates-as-required\" aria-required=\"true\" aria-invalid=\"false\" placeholder=\"Die Ambition\" name=\"your-ambitie\"><\/textarea><\/span>\n\t\t<\/p>\n\t<\/div>\n<\/div>\n<div class=\"qodef-grid-row\">\n\t<div class=\"qodef-grid-col-12\">\n\t\t<p><span class=\"wpcf7-form-control-wrap\" data-name=\"your-message\"><textarea cols=\"40\" rows=\"10\" class=\"wpcf7-form-control wpcf7-textarea wpcf7-validates-as-required\" aria-required=\"true\" aria-invalid=\"false\" placeholder=\"Sonstige W\u00fcnsche oder Bemerkungen\" name=\"your-message\"><\/textarea><\/span>\n\t\t<\/p>\n\t<\/div>\n<\/div>\n<p><span style=\"color: #FFFFFF; padding: 0; margin-top: 20px; text-align: left;\" class=\"qodef-btn qodef-btn-medium qodef-btn-solid qodef-btn-icon\"><button class=\"wpcf7-form-control wpcf7-submit qodef-btn qodef-btn-medium qodef-btn-outline qodef-btn-after\" type=\"submit\"><span class=\"qodef-btn-text\">Versenden<\/span><\/button><\/span>\n<\/p>\n\n<!-- <span style=\"display: block; margin-top: 20px; text-align: left;\"><button class=\"wpcf7-form-control wpcf7-submit qodef-btn qodef-btn-medium qodef-btn-outline qodef-btn-after\" type=\"submit\"><span class=\"qodef-btn-text\">Verzenden<\/span><\/button><\/span> --><div class=\"wpcf7-response-output\" aria-hidden=\"true\"><\/div>\n<\/form>\n<\/div>\n\t\t<\/div>\n\t<\/div>\n<\/div><\/div>[vc_empty_space height=&#8221;135&#8243;][\/vc_column][\/vc_row]<\/p>\n","protected":false},"excerpt":{"rendered":"<p>[vc_row row_content_width=&#8221;grid&#8221; content_text_aligment=&#8221;left&#8221; css=&#8221;.vc_custom_1651148207826{padding-top: 50px !important;padding-bottom: 0px !important;}&#8221;][vc_column width=&#8221;1\/2&#8243;][\/vc_column][vc_column width=&#8221;1\/2&#8243;][\/vc_column][\/vc_row][vc_row row_content_width=&#8221;grid&#8221; content_text_aligment=&#8221;left&#8221; css=&#8221;.vc_custom_1651148271218{padding-top: 32px !important;padding-bottom: 50px !important;}&#8221;][vc_column width=&#8221;1\/2&#8243;][\/vc_column][vc_column width=&#8221;1\/2&#8243;][\/vc_column][\/vc_row][vc_row row_content_width=&#8221;grid&#8221; [&hellip;]<\/p>\n","protected":false},"author":1,"featured_media":0,"parent":0,"menu_order":0,"comment_status":"closed","ping_status":"closed","template":"full-width.php","meta":[],"_links":{"self":[{"href":"https:\/\/ewhs.el-gharabawy.com\/de\/wp-json\/wp\/v2\/pages\/22928"}],"collection":[{"href":"https:\/\/ewhs.el-gharabawy.com\/de\/wp-json\/wp\/v2\/pages"}],"about":[{"href":"https:\/\/ewhs.el-gharabawy.com\/de\/wp-json\/wp\/v2\/types\/page"}],"author":[{"embeddable":true,"href":"https:\/\/ewhs.el-gharabawy.com\/de\/wp-json\/wp\/v2\/users\/1"}],"replies":[{"embeddable":true,"href":"https:\/\/ewhs.el-gharabawy.com\/de\/wp-json\/wp\/v2\/comments?post=22928"}],"version-history":[{"count":7,"href":"https:\/\/ewhs.el-gharabawy.com\/de\/wp-json\/wp\/v2\/pages\/22928\/revisions"}],"predecessor-version":[{"id":22990,"href":"https:\/\/ewhs.el-gharabawy.com\/de\/wp-json\/wp\/v2\/pages\/22928\/revisions\/22990"}],"wp:attachment":[{"href":"https:\/\/ewhs.el-gharabawy.com\/de\/wp-json\/wp\/v2\/media?parent=22928"}],"curies":[{"name":"wp","href":"https:\/\/api.w.org\/{rel}","templated":true}]}}